{"id":105,"date":"2024-03-01T21:38:32","date_gmt":"2024-03-01T20:38:32","guid":{"rendered":"http:\/\/scotbiv.cluster030.hosting.ovh.net\/?page_id=105"},"modified":"2024-09-24T11:38:49","modified_gmt":"2024-09-24T09:38:49","slug":"documentation","status":"publish","type":"page","link":"https:\/\/www.scot-biterrois.fr\/index.php\/documentation\/","title":{"rendered":"Documentation"},"content":{"rendered":"\n<div class=\"wp-block-columns is-layout-flex wp-container-core-columns-is-layout-1 wp-block-columns-is-layout-flex\">\n<div class=\"wp-block-column is-layout-flow wp-block-column-is-layout-flow\" style=\"flex-basis:100%\">\n<p>Le territoire du SCoT du Biterrois s\u2019\u00e9tend depuis la mer M\u00e9diterran\u00e9e au Sud vers les pi\u00e9monts c\u00e9venols au Nord, et du d\u00e9partement de l\u2019Aude \u00e0 l\u2019Ouest vers l\u2019\u00e9tang de Thau \u00e0 l\u2019Est sur plus de 155 000 ha (hors territoire maritime ), et compte plus de 280 000 habitants.<\/p>\n<\/div>\n<\/div>\n\n\n\n<div class=\"wp-block-media-text is-stacked-on-mobile\"><figure class=\"wp-block-media-text__media\"><img loading=\"lazy\" decoding=\"async\" width=\"300\" height=\"212\" src=\"http:\/\/scotbiv.cluster030.hosting.ovh.net\/wp-content\/uploads\/2024\/03\/Le-SCoT-du-Biterrois-300x212.jpg\" alt=\"\" class=\"wp-image-106 size-full\" srcset=\"https:\/\/www.scot-biterrois.fr\/wp-content\/uploads\/2024\/03\/Le-SCoT-du-Biterrois-300x212.jpg 300w, https:\/\/www.scot-biterrois.fr\/wp-content\/uploads\/2024\/03\/Le-SCoT-du-Biterrois-768x544.jpg 768w, https:\/\/www.scot-biterrois.fr\/wp-content\/uploads\/2024\/03\/Le-SCoT-du-Biterrois.jpg 809w\" sizes=\"auto, (max-width: 300px) 100vw, 300px\" \/><\/figure><div class=\"wp-block-media-text__content\">\n<p>Il rassemble 87 communes au sein de 5 \u00c9tablissements Publics de Coop\u00e9ration Intercommunale (EPCI). Une vingtaine de communes du SCoT du Biterrois appartiennent au Pays Haut Languedoc et Vignobles, et quatre au Parc Naturel R\u00e9gional du Haut Languedoc.<\/p>\n\n\n\n<p>Avec une population repr\u00e9sentant pr\u00e8s de 24% du d\u00e9partement, et une superficie avoisinant les 25% du territoire de l\u2019H\u00e9rault, le choix du mod\u00e8le d\u2019armature urbaine est primordial.<\/p>\n<\/div><\/div>\n\n\n\n<p>Ainsi les enjeux territorialis\u00e9s du SCoT du Biterrois concernent:<\/p>\n\n\n\n<div class=\"wp-block-media-text has-media-on-the-right is-stacked-on-mobile\"><div class=\"wp-block-media-text__content\">\n<p><\/p>\n\n\n\n<ul class=\"wp-block-list\">\n<li>la soutenabilit\u00e9 de l\u2019armature urbaine,<\/li>\n\n\n\n<li>la sauvegarde de la ressource en eau,<\/li>\n\n\n\n<li>la rationalisation de la consommation d\u2019espace,<\/li>\n\n\n\n<li>la pr\u00e9vention des risques et la pr\u00e9servation de la biodiversit\u00e9,<\/li>\n\n\n\n<li>la recherche de l\u2019efficacit\u00e9 \u00e9nerg\u00e9tique, la r\u00e9duction des gaz \u00e0 effet de serre,<\/li>\n\n\n\n<li>la mise en valeur des sites et paysages.<\/li>\n<\/ul>\n<\/div><figure class=\"wp-block-media-text__media\"><img loading=\"lazy\" decoding=\"async\" width=\"300\" height=\"208\" src=\"http:\/\/scotbiv.cluster030.hosting.ovh.net\/wp-content\/uploads\/2024\/03\/Positionnement-du-SCoT-du-Biterrois-300x208.jpg\" alt=\"\" class=\"wp-image-107 size-full\" srcset=\"https:\/\/www.scot-biterrois.fr\/wp-content\/uploads\/2024\/03\/Positionnement-du-SCoT-du-Biterrois-300x208.jpg 300w, https:\/\/www.scot-biterrois.fr\/wp-content\/uploads\/2024\/03\/Positionnement-du-SCoT-du-Biterrois.jpg 567w\" sizes=\"auto, (max-width: 300px) 100vw, 300px\" \/><\/figure><\/div>\n\n\n\n<ul class=\"wp-block-list\">\n<li><\/li>\n<\/ul>\n\n\n\n<div class=\"wp-block-buttons is-layout-flex wp-block-buttons-is-layout-flex\">\n<div class=\"wp-block-button\"><a class=\"wp-block-button__link wp-element-button\" href=\"https:\/\/www.scot-biterrois.fr\/DATA\/OpenData-MOS_SCoT-Biterrois_2001_2012_2015_2018_2021.zip\" target=\"_blank\" rel=\"noreferrer noopener\">T\u00e9l\u00e9charger la base de donn\u00e9es d&rsquo;occupation du sol sur le p\u00e9rim\u00e8tre du SCoT du Biterrois, cr\u00e9\u00e9e par photo-interpr\u00e9tation des orthophotos des mill\u00e9simes 2001, 2012, 2015, 2018 et 2021 sur une nomenclature de niveau 4, comptant 43 postes (dictionnaire fourni).<\/a><\/div>\n<\/div>\n","protected":false},"excerpt":{"rendered":"<p>Le territoire du SCoT du Biterrois s\u2019\u00e9tend depuis la mer M\u00e9diterran\u00e9e au Sud vers les pi\u00e9monts c\u00e9venols au Nord, et du d\u00e9partement de l\u2019Aude \u00e0 l\u2019Ouest vers l\u2019\u00e9tang de Thau \u00e0 l\u2019Est sur plus de 155 000 ha (hors territoire maritime ), et compte plus de 280 000 habitants. Il rassemble 87 communes au sein [&hellip;]<\/p>\n","protected":false},"author":1,"featured_media":0,"parent":0,"menu_order":0,"comment_status":"closed","ping_status":"closed","template":"","meta":{"footnotes":""},"class_list":["post-105","page","type-page","status-publish","hentry"],"_links":{"self":[{"href":"https:\/\/www.scot-biterrois.fr\/index.php\/wp-json\/wp\/v2\/pages\/105","targetHints":{"allow":["GET"]}}],"collection":[{"href":"https:\/\/www.scot-biterrois.fr\/index.php\/wp-json\/wp\/v2\/pages"}],"about":[{"href":"https:\/\/www.scot-biterrois.fr\/index.php\/wp-json\/wp\/v2\/types\/page"}],"author":[{"embeddable":true,"href":"https:\/\/www.scot-biterrois.fr\/index.php\/wp-json\/wp\/v2\/users\/1"}],"replies":[{"embeddable":true,"href":"https:\/\/www.scot-biterrois.fr\/index.php\/wp-json\/wp\/v2\/comments?post=105"}],"version-history":[{"count":3,"href":"https:\/\/www.scot-biterrois.fr\/index.php\/wp-json\/wp\/v2\/pages\/105\/revisions"}],"predecessor-version":[{"id":188,"href":"https:\/\/www.scot-biterrois.fr\/index.php\/wp-json\/wp\/v2\/pages\/105\/revisions\/188"}],"wp:attachment":[{"href":"https:\/\/www.scot-biterrois.fr\/index.php\/wp-json\/wp\/v2\/media?parent=105"}],"curies":[{"name":"wp","href":"https:\/\/api.w.org\/{rel}","templated":true}]}}