{"id":122,"date":"2024-03-02T13:49:50","date_gmt":"2024-03-02T12:49:50","guid":{"rendered":"http:\/\/www.scot-biterrois.fr\/?page_id=122"},"modified":"2024-03-02T13:49:51","modified_gmt":"2024-03-02T12:49:51","slug":"recrutement","status":"publish","type":"page","link":"https:\/\/www.scot-biterrois.fr\/index.php\/recrutement\/","title":{"rendered":"Recrutement"},"content":{"rendered":"\n<p>Le Syndicat mixte du SCoT du Biterrois <\/p>\n\n\n\n<p>RECRUTE A TEMPS COMPLET<\/p>\n\n\n\n<h2 class=\"wp-block-heading\">UN CHEF DE PROJET (H\/F)<br><mark style=\"background-color:rgba(0, 0, 0, 0)\" class=\"has-inline-color has-primary-color\">\u00ab Adaptation du littoral d\u2019Occitanie au changement climatique \u00bb<\/mark><\/h2>\n\n\n\n<p>Grade d\u2019attach\u00e9 territorial \u2013 Contractuel<\/p>\n\n\n\n<p>Poste cr\u00e9\u00e9 dans le cadre du Plan d\u2019adaptation au changement climatique. Il est d\u00e9ploy\u00e9 en appui \u00e0 la mise en \u0153uvre d\u2019une strat\u00e9gie locale de gestion int\u00e9gr\u00e9e du trait de c\u00f4te qui doit permettre de d\u00e9finir le plan d\u2019actions \u00e0 court terme et les orientations \u00e0 moyen &#8211; long terme pour ce qui concerne l\u2019att\u00e9nuation des vuln\u00e9rabilit\u00e9s face aux risques littoraux \u00e0 travers des mesures de recomposition spatiale.<\/p>\n\n\n\n<ul class=\"wp-block-list\">\n<li>Coordonner la conception d\u2019une SLGITC et d\u00e9finir sa programmation<\/li>\n\n\n\n<li>Mettre en \u0153uvre le programme d\u2019actions op\u00e9rationnel<\/li>\n\n\n\n<li>Organiser la gouvernance, le pilotage et le suivi de la SLGITC<\/li>\n\n\n\n<li>Contribuer \u00e0 la mise en r\u00e9seau nationale et locale<\/li>\n<\/ul>\n\n\n\n<p><a href=\"http:\/\/www.scot-biterrois.fr\/DATA\/Fiche%20de%20poste%20-%20Chef%20de%20projet%20Littoral.pdf\">T\u00e9l\u00e9charger la fiche de poste compl\u00e8te<\/a><\/p>\n\n\n\n<h2 class=\"wp-block-heading\">Candidature <\/h2>\n\n\n\n<p>Les candidatures sont \u00e0 adresser \u00e0 :<\/p>\n\n\n\n<p>M. le Pr\u00e9sident du Syndicat Mixte du SCoT du Biterrois,<br>Immeuble Quai Wilson, 1 carrefour de l\u2019Hours, 34500 BEZIERS<\/p>\n\n\n\n<ul class=\"wp-block-list\">\n<li>Date limite de r\u00e9ception des candidatures : <strong>31 mars 2024<\/strong><\/li>\n\n\n\n<li>A pourvoir pour le <strong>1er mai 2024<\/strong><\/li>\n\n\n\n<li>Pour tout renseignement contacter : M St\u00e9phane LAURET via stephanelauret@scot-biterrois.f<\/li>\n<\/ul>\n","protected":false},"excerpt":{"rendered":"<p>Le Syndicat mixte du SCoT du Biterrois RECRUTE A TEMPS COMPLET UN CHEF DE PROJET (H\/F)\u00ab Adaptation du littoral d\u2019Occitanie au changement climatique \u00bb Grade d\u2019attach\u00e9 territorial \u2013 Contractuel Poste cr\u00e9\u00e9 dans le cadre du Plan d\u2019adaptation au changement climatique. Il est d\u00e9ploy\u00e9 en appui \u00e0 la mise en \u0153uvre d\u2019une strat\u00e9gie locale de gestion [&hellip;]<\/p>\n","protected":false},"author":1,"featured_media":0,"parent":0,"menu_order":0,"comment_status":"closed","ping_status":"closed","template":"","meta":{"footnotes":""},"class_list":["post-122","page","type-page","status-publish","hentry"],"_links":{"self":[{"href":"https:\/\/www.scot-biterrois.fr\/index.php\/wp-json\/wp\/v2\/pages\/122","targetHints":{"allow":["GET"]}}],"collection":[{"href":"https:\/\/www.scot-biterrois.fr\/index.php\/wp-json\/wp\/v2\/pages"}],"about":[{"href":"https:\/\/www.scot-biterrois.fr\/index.php\/wp-json\/wp\/v2\/types\/page"}],"author":[{"embeddable":true,"href":"https:\/\/www.scot-biterrois.fr\/index.php\/wp-json\/wp\/v2\/users\/1"}],"replies":[{"embeddable":true,"href":"https:\/\/www.scot-biterrois.fr\/index.php\/wp-json\/wp\/v2\/comments?post=122"}],"version-history":[{"count":1,"href":"https:\/\/www.scot-biterrois.fr\/index.php\/wp-json\/wp\/v2\/pages\/122\/revisions"}],"predecessor-version":[{"id":123,"href":"https:\/\/www.scot-biterrois.fr\/index.php\/wp-json\/wp\/v2\/pages\/122\/revisions\/123"}],"wp:attachment":[{"href":"https:\/\/www.scot-biterrois.fr\/index.php\/wp-json\/wp\/v2\/media?parent=122"}],"curies":[{"name":"wp","href":"https:\/\/api.w.org\/{rel}","templated":true}]}}