{"id":69,"date":"2024-03-01T15:39:39","date_gmt":"2024-03-01T14:39:39","guid":{"rendered":"http:\/\/scotbiv.cluster030.hosting.ovh.net\/?page_id=69"},"modified":"2024-03-01T15:39:39","modified_gmt":"2024-03-01T14:39:39","slug":"les-statuts","status":"publish","type":"page","link":"https:\/\/www.scot-biterrois.fr\/index.php\/les-statuts\/","title":{"rendered":"Les statuts"},"content":{"rendered":"\n<p>Selon la volont\u00e9 des \u00e9lus des intercommunalit\u00e9s, un Syndicat Mixte est cr\u00e9\u00e9 par arr\u00eat\u00e9 Pr\u00e9fectoral le 20 janvier 2004. Conform\u00e9ment aux dispositions de l\u2019article L 122-4 du Code de l\u2019Urbanisme il a pour missions :<\/p>\n\n\n\n<ul class=\"wp-block-list\">\n<li>l\u2019\u00e9laboration du SCoT,<\/li>\n\n\n\n<li>le suivi des documents d\u2019urbanisme des 87 communes qui composent le SCoT,<\/li>\n\n\n\n<li>la mise en place d\u2019un observatoire du territoire.<\/li>\n<\/ul>\n\n\n\n<p>Le Syndicat Mixte est porteur du Sch\u00e9ma de Coh\u00e9rence Territoriale du Biterrois, et est administr\u00e9 par un Comit\u00e9, un Bureau et un Pr\u00e9sident.<\/p>\n","protected":false},"excerpt":{"rendered":"<p>Selon la volont\u00e9 des \u00e9lus des intercommunalit\u00e9s, un Syndicat Mixte est cr\u00e9\u00e9 par arr\u00eat\u00e9 Pr\u00e9fectoral le 20 janvier 2004. Conform\u00e9ment aux dispositions de l\u2019article L 122-4 du Code de l\u2019Urbanisme il a pour missions : Le Syndicat Mixte est porteur du Sch\u00e9ma de Coh\u00e9rence Territoriale du Biterrois, et est administr\u00e9 par un Comit\u00e9, un Bureau [&hellip;]<\/p>\n","protected":false},"author":1,"featured_media":0,"parent":0,"menu_order":0,"comment_status":"closed","ping_status":"closed","template":"","meta":{"footnotes":""},"class_list":["post-69","page","type-page","status-publish","hentry"],"_links":{"self":[{"href":"https:\/\/www.scot-biterrois.fr\/index.php\/wp-json\/wp\/v2\/pages\/69","targetHints":{"allow":["GET"]}}],"collection":[{"href":"https:\/\/www.scot-biterrois.fr\/index.php\/wp-json\/wp\/v2\/pages"}],"about":[{"href":"https:\/\/www.scot-biterrois.fr\/index.php\/wp-json\/wp\/v2\/types\/page"}],"author":[{"embeddable":true,"href":"https:\/\/www.scot-biterrois.fr\/index.php\/wp-json\/wp\/v2\/users\/1"}],"replies":[{"embeddable":true,"href":"https:\/\/www.scot-biterrois.fr\/index.php\/wp-json\/wp\/v2\/comments?post=69"}],"version-history":[{"count":1,"href":"https:\/\/www.scot-biterrois.fr\/index.php\/wp-json\/wp\/v2\/pages\/69\/revisions"}],"predecessor-version":[{"id":70,"href":"https:\/\/www.scot-biterrois.fr\/index.php\/wp-json\/wp\/v2\/pages\/69\/revisions\/70"}],"wp:attachment":[{"href":"https:\/\/www.scot-biterrois.fr\/index.php\/wp-json\/wp\/v2\/media?parent=69"}],"curies":[{"name":"wp","href":"https:\/\/api.w.org\/{rel}","templated":true}]}}